{"id":174,"date":"2020-05-29T20:08:43","date_gmt":"2020-05-29T19:08:43","guid":{"rendered":"https:\/\/www.orchesterverein-horrheim.de\/wp\/?page_id=174"},"modified":"2020-05-29T22:47:26","modified_gmt":"2020-05-29T21:47:26","slug":"geschichte","status":"publish","type":"page","link":"https:\/\/www.orchesterverein-horrheim.de\/?page_id=174","title":{"rendered":"Geschichte"},"content":{"rendered":"\n<p><strong>Gr\u00fcndung des Vereins:<\/strong><\/p>\n\n\n\n<p>Am 19. M\u00e4rz 1921 tagte die erste Versammlung zwecks Gr\u00fcndung eines Musikvereins. Die Versammlung wurde auf abends acht Uhr im Gasthaus Lamm in Horrheim einberufen.<br>Nach eigenh\u00e4ndiger Unterschrift der Mitglieder wurde noch \u00fcber den Zweck des Vereins gesprochen. Es wurde beschlossen, da\u00df die von einigen Musikern begonnene Streichmusik vollends ausgebildet und bei gelegentlicher Anschaffung von Blasinstrumenten eine Blasmusikkapelle gegr\u00fcndet werden sollte.<br>Am 1. April wurde die erste Versammlung einberufen. Auf der Tagesordnung stand die \u201eAufsetzung\u201c der Vereinssatzung sowie die Wahl der gesamten Vorstandschaft. Auch der Name des Vereins sollte festgelegt werden.<br>Nach der Wahl wurde eine sofortig Gr\u00fcndung einer Blasmusik von den Mitgliedern beantragt. Sie sahen sich gen\u00f6tigt, Geld zur Beschaffung neuer Instrumente aufzunehmen. Es wurde beschlossen, an die Gemeinde eine Eingabe zu richten, um ein unverzinsliches Darlehen von 3000 Mark zu erhalten. Nach zweist\u00fcndiger Besprechung endete die Versammlung.<\/p>\n\n\n\n<h4 class=\"wp-block-heading\"><strong>Vorsitzende seit 1921:<\/strong><br><\/h4>\n\n\n\n<p><strong>Die ersten Vorsitzenden<\/strong><\/p>\n\n\n\n<p>1921 \u2013 1923 Paul Wasserb\u00e4ch<br>1924 \u2013 1935 Robert Haberstroh<br>1935 \u2013 1949 August Pfeil<br>1949 \u2013 1952 Robert Haberstroh<br>1952 \u2013 1956 Eugen Englert<br>1956 \u2013 1960 Willi Renz<br>1960 \u2013 1970 Eberhard Rau<br>1970 \u2013 1976 Herbert Bramm<br>1976 \u2013 1986 G\u00fcnther Ertel<br>1986 \u2013 1994 Edwin Krebes<br>1994 \u2013 1997 Willy Zoller<br>1997 \u2013 2010 Manfred Hapy<br>2010 \u2013 2014 Ingrid Gr\u00fcn<br>ab 2014        Stefan Ertel<\/p>\n\n\n\n<p><strong>Die zweiten Vorsitzenden<\/strong><\/p>\n\n\n\n<p>1921 \u2013 1923 Wilhelm G\u00fcnther<br>1924 \u2013 1935 Fritz Bramm<br>1935 \u2013 1949 Willy Schulz<br>1949 \u2013 1952 August Rieger<br>1952 \u2013 1956 Robert Haberstroh<br>1956 \u2013 1970 Eugen Englert<br>1970 \u2013 1972 Eduard Kiefer<br>1972 \u2013 1976 Peter Hapy<br>1976 \u2013 1986 Edwin Krebes<br>1986 \u2013 1988 Herbert Joos<br>1988 \u2013 1994 Willy Zoller<br>1994 \u2013 1997 Manfred Hapy, Edwin Krebes<br>1997 \u2013 2000 Elke Allmendinger<br>2000 \u2013 2007 Elke Klein geb. Allmendinger<br>2007 \u2013 2010 Ingrid Gr\u00fcn<br>2010 \u2013 2012 Hugo Hanakam<br>2012 \u2013 2014 nicht besetzt<br>ab 2014        Ingrid Gr\u00fcn<\/p>\n\n\n\n<p><strong>Dirigenten:<\/strong><\/p>\n\n\n\n<p>1923 \u2013 1932 Dirigent Barreis<br>1932 \u2013 1949 Paul Gieser<br>1949 \u2013 1956 Franz Pichatzek<br>1956 \u2013 1958 Willi Haug<br>1958 \u2013 1966 Franz Pichatzek<br>1966 \u2013 1970 Gustav Trostel<br>1970 \u2013 1979 Hans Lutz<br>1979 \u2013 1994 Walter Fink<br>1994 \u2013 1997 Manfred Ritz<br>1997 \u2013 2005 Dieter Schweikert<br>2005 \u2013 2008 Jochen Serr<br>2008 \u2013 2009 Ralf Matthews<br>ab 2010       Andrea Schneider<\/p>\n","protected":false},"excerpt":{"rendered":"<p>Gr\u00fcndung des Vereins: Am 19. M\u00e4rz 1921 tagte die erste Versammlung zwecks Gr\u00fcndung eines Musikvereins. Die Versammlung wurde auf abends acht Uhr im Gasthaus Lamm in Horrheim einberufen.Nach eigenh\u00e4ndiger Unterschrift der Mitglieder wurde noch \u00fcber den Zweck des Vereins gesprochen. Es wurde beschlossen, da\u00df die von einigen Musikern begonnene Streichmusik vollends ausgebildet und bei gelegentlicher Anschaffung von Blasinstrumenten\u2026 <span class=\"read-more\"><a href=\"https:\/\/www.orchesterverein-horrheim.de\/?page_id=174\">Weiterlesen &raquo;<\/a><\/span><\/p>\n","protected":false},"author":1,"featured_media":0,"parent":169,"menu_order":0,"comment_status":"closed","ping_status":"closed","template":"","meta":{"footnotes":""},"class_list":["post-174","page","type-page","status-publish","hentry"],"_links":{"self":[{"href":"https:\/\/www.orchesterverein-horrheim.de\/index.php?rest_route=\/wp\/v2\/pages\/174","targetHints":{"allow":["GET"]}}],"collection":[{"href":"https:\/\/www.orchesterverein-horrheim.de\/index.php?rest_route=\/wp\/v2\/pages"}],"about":[{"href":"https:\/\/www.orchesterverein-horrheim.de\/index.php?rest_route=\/wp\/v2\/types\/page"}],"author":[{"embeddable":true,"href":"https:\/\/www.orchesterverein-horrheim.de\/index.php?rest_route=\/wp\/v2\/users\/1"}],"replies":[{"embeddable":true,"href":"https:\/\/www.orchesterverein-horrheim.de\/index.php?rest_route=%2Fwp%2Fv2%2Fcomments&post=174"}],"version-history":[{"count":4,"href":"https:\/\/www.orchesterverein-horrheim.de\/index.php?rest_route=\/wp\/v2\/pages\/174\/revisions"}],"predecessor-version":[{"id":191,"href":"https:\/\/www.orchesterverein-horrheim.de\/index.php?rest_route=\/wp\/v2\/pages\/174\/revisions\/191"}],"up":[{"embeddable":true,"href":"https:\/\/www.orchesterverein-horrheim.de\/index.php?rest_route=\/wp\/v2\/pages\/169"}],"wp:attachment":[{"href":"https:\/\/www.orchesterverein-horrheim.de\/index.php?rest_route=%2Fwp%2Fv2%2Fmedia&parent=174"}],"curies":[{"name":"wp","href":"https:\/\/api.w.org\/{rel}","templated":true}]}}