{"id":225,"date":"2020-05-29T22:27:12","date_gmt":"2020-05-29T21:27:12","guid":{"rendered":"https:\/\/www.orchesterverein-horrheim.de\/wp\/?page_id=225"},"modified":"2025-06-30T16:38:35","modified_gmt":"2025-06-30T15:38:35","slug":"blockfloeten-2","status":"publish","type":"page","link":"https:\/\/www.orchesterverein-horrheim.de\/?page_id=225","title":{"rendered":"Blockfl\u00f6ten"},"content":{"rendered":"\n<figure class=\"wp-block-image size-full is-resized\"><img fetchpriority=\"high\" decoding=\"async\" width=\"356\" height=\"340\" src=\"https:\/\/www.orchesterverein-horrheim.de\/wp-content\/uploads\/2025\/06\/image.png\" alt=\"\" class=\"wp-image-1480\" style=\"width:108px;height:auto\" srcset=\"https:\/\/www.orchesterverein-horrheim.de\/wp-content\/uploads\/2025\/06\/image.png 356w, https:\/\/www.orchesterverein-horrheim.de\/wp-content\/uploads\/2025\/06\/image-300x287.png 300w\" sizes=\"(max-width: 356px) 100vw, 356px\" \/><\/figure>\n\n\n\n<p><strong>Blockfl\u00f6tenunterricht (ab der 1.Klasse)<\/strong><br><em>In Kooperation mit der Grundschule <a href=\"https:\/\/www.horrheimer-grundschule.de\/\" target=\"_blank\" rel=\"noreferrer noopener\">Horrheim<\/a> und dem <a href=\"https:\/\/www.horrheimer-grundschule.de\/blaeserklasse.html\" target=\"_blank\" rel=\"noreferrer noopener\">F\u00f6rderverein Bl\u00e4serklasse Ensingen-Horrheim e.V.<\/a><\/em><\/p>\n\n\n\n<p>Der Blockfl\u00f6tenunterricht:<\/p>\n\n\n\n<ul class=\"wp-block-list\">\n<li>ist praktischer und theoretischer Musikunterricht<\/li>\n\n\n\n<li>unterst\u00fctzt das soziale Miteinander<\/li>\n\n\n\n<li>st\u00e4rkt das Selbstbewusstsein<\/li>\n\n\n\n<li>vermittelt spielerisch Teamf\u00e4higkeit<\/li>\n\n\n\n<li>f\u00f6rdert Zusammenarbeit und Verantwortungsbewusstsein<\/li>\n\n\n\n<li>motiviert und erm\u00f6glicht pers\u00f6nliche Erfolgserlebnisse<\/li>\n<\/ul>\n\n\n\n<p>Der Unterricht findet einmal pro Woche in Kleingruppen an der Grundschule oder im Vereinsheim statt. Die Kinder erlernen das Spiel auf der Blockfl\u00f6te sowie erste grundlegende Kenntnisse der Notenlehre. Dabei legen wir gro\u00dfen Wert auf die enge Verbindung von Theorie und Praxis, um den Kindern die faszinierende Welt der Musik anschaulich und erlebbar zu machen.<\/p>\n\n\n\n<p>Durch kleine Auftritte und Konzerte lernen wir, mit Lampenfieber umzugehen \u2013 und bereiten gleichzeitig unseren Zuh\u00f6rerinnen und Zuh\u00f6rern viel Freude.<\/p>\n\n\n\n<p>Ansprechpartnerin: Elke Klein 0160 7627064<\/p>\n\n\n\n<p><em><a href=\"https:\/\/www.orchesterverein-horrheim.de\/?page_id=180\" data-type=\"page\" data-id=\"180\">Die Jugendordnung und das Anmeldeformular finden Sie hier<\/a><\/em><\/p>\n\n\n\n<p><\/p>\n","protected":false},"excerpt":{"rendered":"<p>Blockfl\u00f6tenunterricht (ab der 1.Klasse)In Kooperation mit der Grundschule Horrheim und dem F\u00f6rderverein Bl\u00e4serklasse Ensingen-Horrheim e.V. Der Blockfl\u00f6tenunterricht: Der Unterricht findet einmal pro Woche in Kleingruppen an der Grundschule oder im Vereinsheim statt. Die Kinder erlernen das Spiel auf der Blockfl\u00f6te sowie erste grundlegende Kenntnisse der Notenlehre. Dabei legen wir gro\u00dfen Wert auf die enge Verbindung von Theorie und\u2026 <span class=\"read-more\"><a href=\"https:\/\/www.orchesterverein-horrheim.de\/?page_id=225\">Weiterlesen &raquo;<\/a><\/span><\/p>\n","protected":false},"author":1,"featured_media":0,"parent":41,"menu_order":1,"comment_status":"closed","ping_status":"closed","template":"","meta":{"footnotes":""},"class_list":["post-225","page","type-page","status-publish","hentry"],"_links":{"self":[{"href":"https:\/\/www.orchesterverein-horrheim.de\/index.php?rest_route=\/wp\/v2\/pages\/225","targetHints":{"allow":["GET"]}}],"collection":[{"href":"https:\/\/www.orchesterverein-horrheim.de\/index.php?rest_route=\/wp\/v2\/pages"}],"about":[{"href":"https:\/\/www.orchesterverein-horrheim.de\/index.php?rest_route=\/wp\/v2\/types\/page"}],"author":[{"embeddable":true,"href":"https:\/\/www.orchesterverein-horrheim.de\/index.php?rest_route=\/wp\/v2\/users\/1"}],"replies":[{"embeddable":true,"href":"https:\/\/www.orchesterverein-horrheim.de\/index.php?rest_route=%2Fwp%2Fv2%2Fcomments&post=225"}],"version-history":[{"count":17,"href":"https:\/\/www.orchesterverein-horrheim.de\/index.php?rest_route=\/wp\/v2\/pages\/225\/revisions"}],"predecessor-version":[{"id":1481,"href":"https:\/\/www.orchesterverein-horrheim.de\/index.php?rest_route=\/wp\/v2\/pages\/225\/revisions\/1481"}],"up":[{"embeddable":true,"href":"https:\/\/www.orchesterverein-horrheim.de\/index.php?rest_route=\/wp\/v2\/pages\/41"}],"wp:attachment":[{"href":"https:\/\/www.orchesterverein-horrheim.de\/index.php?rest_route=%2Fwp%2Fv2%2Fmedia&parent=225"}],"curies":[{"name":"wp","href":"https:\/\/api.w.org\/{rel}","templated":true}]}}