{"id":226,"date":"2020-05-29T22:27:12","date_gmt":"2020-05-29T21:27:12","guid":{"rendered":"https:\/\/www.orchesterverein-horrheim.de\/wp\/?page_id=226"},"modified":"2025-06-26T10:09:33","modified_gmt":"2025-06-26T09:09:33","slug":"orchesterzwerge-2","status":"publish","type":"page","link":"https:\/\/www.orchesterverein-horrheim.de\/?page_id=226","title":{"rendered":"Orchesterzwerge"},"content":{"rendered":"\n<h2 class=\"wp-block-heading\"><strong>Musikalische Fr\u00fcherziehung<\/strong><\/h2>\n\n\n\n<p>Ab einem Alter von 4 Jahren k\u00f6nnen Kinder an den Orchesterzwergen teilnehmen. In der musikalischen Fr\u00fcherziehung erleben sie, wie viel Freude es macht, gemeinsam zu musizieren. In Kooperation mit der Musikschule Vaihingen an der Enz entwickeln die Kinder durch Singen, Tanzen und gemeinsames Musizieren ein Gef\u00fchl f\u00fcr die Welt der Musik und ihre Wirkung. Unterst\u00fctzt durch kindgerechte Rhythmusinstrumente erlernen sie spielerisch die ersten Schritte in die Musik. Wir treffen uns w\u00f6chentlich im Vereinsheim des Orchestervereins.<\/p>\n\n\n\n<p><strong>Lernziele und Inhalte der musikalischen Fr\u00fcherziehung (MFE):<\/strong><\/p>\n\n\n\n<ul class=\"wp-block-list\">\n<li>Singen und Sprechen<\/li>\n\n\n\n<li>Bewegung und Tanz<\/li>\n\n\n\n<li>Musikh\u00f6ren und Schulung der musikalischen Wahrnehmung<\/li>\n\n\n\n<li>Elementares Musizieren und Instrumentalspiel mit Orff-Instrumenten und dem Glockenspiel<\/li>\n\n\n\n<li>Erste Erfahrungen mit Inhalten der Musiklehre (z.\u202fB. Notenwerte, Notennamen)<\/li>\n\n\n\n<li>Instrumentenkunde<\/li>\n<\/ul>\n\n\n\n<p>Ansprechpartnerin: Elke Klein 01607627064<\/p>\n\n\n\n<p><em><a href=\"https:\/\/www.orchesterverein-horrheim.de\/?page_id=180\" data-type=\"page\" data-id=\"180\">Die Jugendordnung und das Anmeldeformular finden Sie hier<\/a><\/em><\/p>\n\n\n\n<p><\/p>\n","protected":false},"excerpt":{"rendered":"<p>Musikalische Fr\u00fcherziehung Ab einem Alter von 4 Jahren k\u00f6nnen Kinder an den Orchesterzwergen teilnehmen. In der musikalischen Fr\u00fcherziehung erleben sie, wie viel Freude es macht, gemeinsam zu musizieren. In Kooperation mit der Musikschule Vaihingen an der Enz entwickeln die Kinder durch Singen, Tanzen und gemeinsames Musizieren ein Gef\u00fchl f\u00fcr die Welt der Musik und ihre Wirkung. Unterst\u00fctzt durch\u2026 <span class=\"read-more\"><a href=\"https:\/\/www.orchesterverein-horrheim.de\/?page_id=226\">Weiterlesen &raquo;<\/a><\/span><\/p>\n","protected":false},"author":1,"featured_media":0,"parent":41,"menu_order":2,"comment_status":"closed","ping_status":"closed","template":"","meta":{"footnotes":""},"class_list":["post-226","page","type-page","status-publish","hentry"],"_links":{"self":[{"href":"https:\/\/www.orchesterverein-horrheim.de\/index.php?rest_route=\/wp\/v2\/pages\/226","targetHints":{"allow":["GET"]}}],"collection":[{"href":"https:\/\/www.orchesterverein-horrheim.de\/index.php?rest_route=\/wp\/v2\/pages"}],"about":[{"href":"https:\/\/www.orchesterverein-horrheim.de\/index.php?rest_route=\/wp\/v2\/types\/page"}],"author":[{"embeddable":true,"href":"https:\/\/www.orchesterverein-horrheim.de\/index.php?rest_route=\/wp\/v2\/users\/1"}],"replies":[{"embeddable":true,"href":"https:\/\/www.orchesterverein-horrheim.de\/index.php?rest_route=%2Fwp%2Fv2%2Fcomments&post=226"}],"version-history":[{"count":22,"href":"https:\/\/www.orchesterverein-horrheim.de\/index.php?rest_route=\/wp\/v2\/pages\/226\/revisions"}],"predecessor-version":[{"id":1463,"href":"https:\/\/www.orchesterverein-horrheim.de\/index.php?rest_route=\/wp\/v2\/pages\/226\/revisions\/1463"}],"up":[{"embeddable":true,"href":"https:\/\/www.orchesterverein-horrheim.de\/index.php?rest_route=\/wp\/v2\/pages\/41"}],"wp:attachment":[{"href":"https:\/\/www.orchesterverein-horrheim.de\/index.php?rest_route=%2Fwp%2Fv2%2Fmedia&parent=226"}],"curies":[{"name":"wp","href":"https:\/\/api.w.org\/{rel}","templated":true}]}}