{"id":227,"date":"2020-05-29T22:27:12","date_gmt":"2020-05-29T21:27:12","guid":{"rendered":"https:\/\/www.orchesterverein-horrheim.de\/wp\/?page_id=227"},"modified":"2025-06-26T10:11:33","modified_gmt":"2025-06-26T09:11:33","slug":"jugendorchester","status":"publish","type":"page","link":"https:\/\/www.orchesterverein-horrheim.de\/?page_id=227","title":{"rendered":"Jugendorchester"},"content":{"rendered":"\n<figure class=\"wp-block-image size-full\"><img fetchpriority=\"high\" decoding=\"async\" width=\"2560\" height=\"1605\" src=\"https:\/\/www.orchesterverein-horrheim.de\/wp-content\/uploads\/2025\/05\/Jugend-4029-scaled.jpg\" alt=\"Das Jugendorchester des Orchestervereins vor dem Vereinsheim in Horrheim\" class=\"wp-image-1270\" srcset=\"https:\/\/www.orchesterverein-horrheim.de\/wp-content\/uploads\/2025\/05\/Jugend-4029-scaled.jpg 2560w, https:\/\/www.orchesterverein-horrheim.de\/wp-content\/uploads\/2025\/05\/Jugend-4029-300x188.jpg 300w, https:\/\/www.orchesterverein-horrheim.de\/wp-content\/uploads\/2025\/05\/Jugend-4029-1024x642.jpg 1024w, https:\/\/www.orchesterverein-horrheim.de\/wp-content\/uploads\/2025\/05\/Jugend-4029-768x482.jpg 768w, https:\/\/www.orchesterverein-horrheim.de\/wp-content\/uploads\/2025\/05\/Jugend-4029-1536x963.jpg 1536w, https:\/\/www.orchesterverein-horrheim.de\/wp-content\/uploads\/2025\/05\/Jugend-4029-2048x1284.jpg 2048w, https:\/\/www.orchesterverein-horrheim.de\/wp-content\/uploads\/2025\/05\/Jugend-4029-665x417.jpg 665w\" sizes=\"(max-width: 2560px) 100vw, 2560px\" \/><\/figure>\n\n\n\n<p><strong>Probezeit:<\/strong>  Freitags von 17:30 Uhr bis 19:30 Uhr (keine Probe in den Schulferien)<br><strong>Probeort:<\/strong>   <a href=\"https:\/\/www.google.de\/maps\/place\/Orchesterverein+Horrheim\/@48.9803841,8.9859635,623m\/data=!3m2!1e3!4b1!4m6!3m5!1s0x47977f073b666585:0x5e9ccf3d148bdef9!8m2!3d48.9803841!4d8.9885384!16s%2Fg%2F11c1v627jz?entry=ttu&amp;g_ep=EgoyMDI1MDUxNS4wIKXMDSoASAFQAw%3D%3D\">Vereinsheim des OVH<\/a><\/p>\n\n\n\n<p>Dein Kind spielt ein Instrument oder m\u00f6chte eins lernen? Dann ist unsere <strong>Jugendkapelle<\/strong> genau der richtige Ort. Hier wird gemeinsam geprobt, musiziert und gelacht \u2013 neue Gesichter sind bei uns immer willkommen. Die Proben finden im Vereinsheim statt und sind eine tolle Gelegenheit, Orchesterluft zu schnuppern und andere musikbegeisterte Kinder und Jugendliche kennenzulernen.<\/p>\n\n\n\n<p>Seit September 2021 leitet <strong>Fabian Kobza<\/strong> unsere Jugendkapelle. Gemeinsam mit den Jugendlichen gestaltet er die Proben \u2013 sei es f\u00fcr die Vorbereitung auf unsere Jahresfeier, das Kelterfest oder einfach f\u00fcr die Freude an der Musik. Der Spa\u00df kommt dabei nie zu kurz.<\/p>\n\n\n\n<p>Auch abseits der Musik ist bei uns einiges geboten: Ein ganzes Wochenende voller Musik beim Probewochenende, spannende Ausfl\u00fcge in den Kletterpark oder ein Tag in Tripsdrill \u2013 das Gemeinschaftsgef\u00fchl steht immer im Mittelpunkt.<\/p>\n\n\n\n<p>Gleichzeitig erh\u00e4lt jedes Kind qualifizierten Einzelunterricht am eigenen Instrument, um sich musikalisch weiterzuentwickeln und Teil des Orchesters zu werden.<\/p>\n\n\n\n<p class=\"has-vivid-red-color has-text-color has-link-color wp-elements-cc57cd86340bd66d4f31925931014926\"><strong>Einfach mal vorbeikommen und mitmachen \u2013 wir freuen uns!<\/strong><br><a href=\"https:\/\/www.orchesterverein-horrheim.de\/?page_id=180\" data-type=\"page\" data-id=\"180\">Hier findest du die Anmeldung<\/a><\/p>\n\n\n\n<div class=\"wp-block-columns is-layout-flex wp-container-core-columns-is-layout-9d6595d7 wp-block-columns-is-layout-flex\">\n<div class=\"wp-block-column is-layout-flow wp-block-column-is-layout-flow\" style=\"flex-basis:100%\">\n<p class=\"has-black-color has-text-color has-link-color wp-elements-023b5057214658ed9a2d6821846d98b3\"><a href=\"https:\/\/www.jugendmusikschule-vaihingen.de\/index4.htm\">Link<\/a> zu unserem Kooperationspartner in der Ausbildung. <\/p>\n<\/div>\n<\/div>\n\n\n\n<div class=\"wp-block-group\"><div class=\"wp-block-group__inner-container is-layout-constrained wp-block-group-is-layout-constrained\">\n<figure class=\"wp-block-gallery has-nested-images columns-default is-cropped wp-block-gallery-1 is-layout-flex wp-block-gallery-is-layout-flex\">\n<figure class=\"wp-block-image size-large\"><img decoding=\"async\" width=\"768\" height=\"1024\" data-id=\"933\" src=\"https:\/\/www.orchesterverein-horrheim.de\/wp-content\/uploads\/2023\/07\/2022-Registerbilder-5-768x1024.jpg\" alt=\"\" class=\"wp-image-933\" srcset=\"https:\/\/www.orchesterverein-horrheim.de\/wp-content\/uploads\/2023\/07\/2022-Registerbilder-5-768x1024.jpg 768w, https:\/\/www.orchesterverein-horrheim.de\/wp-content\/uploads\/2023\/07\/2022-Registerbilder-5-225x300.jpg 225w, https:\/\/www.orchesterverein-horrheim.de\/wp-content\/uploads\/2023\/07\/2022-Registerbilder-5-1152x1536.jpg 1152w, https:\/\/www.orchesterverein-horrheim.de\/wp-content\/uploads\/2023\/07\/2022-Registerbilder-5-1536x2048.jpg 1536w, https:\/\/www.orchesterverein-horrheim.de\/wp-content\/uploads\/2023\/07\/2022-Registerbilder-5-665x887.jpg 665w, https:\/\/www.orchesterverein-horrheim.de\/wp-content\/uploads\/2023\/07\/2022-Registerbilder-5-scaled.jpg 1920w\" sizes=\"(max-width: 768px) 100vw, 768px\" \/><\/figure>\n\n\n\n<figure class=\"wp-block-image size-large\"><img decoding=\"async\" width=\"768\" height=\"1024\" data-id=\"934\" src=\"https:\/\/www.orchesterverein-horrheim.de\/wp-content\/uploads\/2023\/07\/2022-Registerbilder-4-768x1024.jpg\" alt=\"\" class=\"wp-image-934\" srcset=\"https:\/\/www.orchesterverein-horrheim.de\/wp-content\/uploads\/2023\/07\/2022-Registerbilder-4-768x1024.jpg 768w, https:\/\/www.orchesterverein-horrheim.de\/wp-content\/uploads\/2023\/07\/2022-Registerbilder-4-225x300.jpg 225w, https:\/\/www.orchesterverein-horrheim.de\/wp-content\/uploads\/2023\/07\/2022-Registerbilder-4-1152x1536.jpg 1152w, https:\/\/www.orchesterverein-horrheim.de\/wp-content\/uploads\/2023\/07\/2022-Registerbilder-4-1536x2048.jpg 1536w, https:\/\/www.orchesterverein-horrheim.de\/wp-content\/uploads\/2023\/07\/2022-Registerbilder-4-665x887.jpg 665w, https:\/\/www.orchesterverein-horrheim.de\/wp-content\/uploads\/2023\/07\/2022-Registerbilder-4-scaled.jpg 1920w\" sizes=\"(max-width: 768px) 100vw, 768px\" \/><\/figure>\n\n\n\n<figure class=\"wp-block-image size-large\"><img loading=\"lazy\" decoding=\"async\" width=\"768\" height=\"1024\" data-id=\"937\" src=\"https:\/\/www.orchesterverein-horrheim.de\/wp-content\/uploads\/2023\/07\/2022-Registerbilder-3-768x1024.jpg\" alt=\"\" class=\"wp-image-937\" srcset=\"https:\/\/www.orchesterverein-horrheim.de\/wp-content\/uploads\/2023\/07\/2022-Registerbilder-3-768x1024.jpg 768w, https:\/\/www.orchesterverein-horrheim.de\/wp-content\/uploads\/2023\/07\/2022-Registerbilder-3-225x300.jpg 225w, https:\/\/www.orchesterverein-horrheim.de\/wp-content\/uploads\/2023\/07\/2022-Registerbilder-3-1152x1536.jpg 1152w, https:\/\/www.orchesterverein-horrheim.de\/wp-content\/uploads\/2023\/07\/2022-Registerbilder-3-1536x2048.jpg 1536w, https:\/\/www.orchesterverein-horrheim.de\/wp-content\/uploads\/2023\/07\/2022-Registerbilder-3-665x887.jpg 665w, https:\/\/www.orchesterverein-horrheim.de\/wp-content\/uploads\/2023\/07\/2022-Registerbilder-3-scaled.jpg 1920w\" sizes=\"(max-width: 768px) 100vw, 768px\" \/><\/figure>\n\n\n\n<figure class=\"wp-block-image size-large\"><img loading=\"lazy\" decoding=\"async\" width=\"768\" height=\"1024\" data-id=\"936\" src=\"https:\/\/www.orchesterverein-horrheim.de\/wp-content\/uploads\/2023\/07\/2022-Registerbilder-2-768x1024.jpg\" alt=\"\" class=\"wp-image-936\" srcset=\"https:\/\/www.orchesterverein-horrheim.de\/wp-content\/uploads\/2023\/07\/2022-Registerbilder-2-768x1024.jpg 768w, https:\/\/www.orchesterverein-horrheim.de\/wp-content\/uploads\/2023\/07\/2022-Registerbilder-2-225x300.jpg 225w, https:\/\/www.orchesterverein-horrheim.de\/wp-content\/uploads\/2023\/07\/2022-Registerbilder-2-1152x1536.jpg 1152w, https:\/\/www.orchesterverein-horrheim.de\/wp-content\/uploads\/2023\/07\/2022-Registerbilder-2-1536x2048.jpg 1536w, https:\/\/www.orchesterverein-horrheim.de\/wp-content\/uploads\/2023\/07\/2022-Registerbilder-2-665x887.jpg 665w, https:\/\/www.orchesterverein-horrheim.de\/wp-content\/uploads\/2023\/07\/2022-Registerbilder-2-scaled.jpg 1920w\" sizes=\"(max-width: 768px) 100vw, 768px\" \/><\/figure>\n\n\n\n<figure class=\"wp-block-image size-large\"><img loading=\"lazy\" decoding=\"async\" width=\"768\" height=\"1024\" data-id=\"935\" src=\"https:\/\/www.orchesterverein-horrheim.de\/wp-content\/uploads\/2023\/07\/2022-Registerbilder-1-1-768x1024.jpg\" alt=\"\" class=\"wp-image-935\" srcset=\"https:\/\/www.orchesterverein-horrheim.de\/wp-content\/uploads\/2023\/07\/2022-Registerbilder-1-1-768x1024.jpg 768w, https:\/\/www.orchesterverein-horrheim.de\/wp-content\/uploads\/2023\/07\/2022-Registerbilder-1-1-225x300.jpg 225w, https:\/\/www.orchesterverein-horrheim.de\/wp-content\/uploads\/2023\/07\/2022-Registerbilder-1-1-1152x1536.jpg 1152w, https:\/\/www.orchesterverein-horrheim.de\/wp-content\/uploads\/2023\/07\/2022-Registerbilder-1-1-1536x2048.jpg 1536w, https:\/\/www.orchesterverein-horrheim.de\/wp-content\/uploads\/2023\/07\/2022-Registerbilder-1-1-665x887.jpg 665w, https:\/\/www.orchesterverein-horrheim.de\/wp-content\/uploads\/2023\/07\/2022-Registerbilder-1-1-scaled.jpg 1920w\" sizes=\"(max-width: 768px) 100vw, 768px\" \/><\/figure>\n\n\n\n<figure class=\"wp-block-image size-large\"><img loading=\"lazy\" decoding=\"async\" width=\"1024\" height=\"869\" data-id=\"938\" src=\"https:\/\/www.orchesterverein-horrheim.de\/wp-content\/uploads\/2023\/07\/2023-Fruehjahrskonzert-Klarinettenregister-neu-09.20222-1024x869.jpg\" alt=\"\" class=\"wp-image-938\" srcset=\"https:\/\/www.orchesterverein-horrheim.de\/wp-content\/uploads\/2023\/07\/2023-Fruehjahrskonzert-Klarinettenregister-neu-09.20222-1024x869.jpg 1024w, https:\/\/www.orchesterverein-horrheim.de\/wp-content\/uploads\/2023\/07\/2023-Fruehjahrskonzert-Klarinettenregister-neu-09.20222-300x255.jpg 300w, https:\/\/www.orchesterverein-horrheim.de\/wp-content\/uploads\/2023\/07\/2023-Fruehjahrskonzert-Klarinettenregister-neu-09.20222-768x652.jpg 768w, https:\/\/www.orchesterverein-horrheim.de\/wp-content\/uploads\/2023\/07\/2023-Fruehjahrskonzert-Klarinettenregister-neu-09.20222-1536x1303.jpg 1536w, https:\/\/www.orchesterverein-horrheim.de\/wp-content\/uploads\/2023\/07\/2023-Fruehjahrskonzert-Klarinettenregister-neu-09.20222-2048x1737.jpg 2048w, https:\/\/www.orchesterverein-horrheim.de\/wp-content\/uploads\/2023\/07\/2023-Fruehjahrskonzert-Klarinettenregister-neu-09.20222-665x564.jpg 665w\" sizes=\"(max-width: 1024px) 100vw, 1024px\" \/><\/figure>\n\n\n\n<figure class=\"wp-block-image size-large\"><img loading=\"lazy\" decoding=\"async\" width=\"911\" height=\"1024\" data-id=\"932\" src=\"https:\/\/www.orchesterverein-horrheim.de\/wp-content\/uploads\/2023\/07\/Fabian_Bild-911x1024.jpg\" alt=\"\" class=\"wp-image-932\" srcset=\"https:\/\/www.orchesterverein-horrheim.de\/wp-content\/uploads\/2023\/07\/Fabian_Bild-911x1024.jpg 911w, https:\/\/www.orchesterverein-horrheim.de\/wp-content\/uploads\/2023\/07\/Fabian_Bild-267x300.jpg 267w, https:\/\/www.orchesterverein-horrheim.de\/wp-content\/uploads\/2023\/07\/Fabian_Bild-768x863.jpg 768w, https:\/\/www.orchesterverein-horrheim.de\/wp-content\/uploads\/2023\/07\/Fabian_Bild-665x748.jpg 665w, https:\/\/www.orchesterverein-horrheim.de\/wp-content\/uploads\/2023\/07\/Fabian_Bild.jpg 1295w\" sizes=\"(max-width: 911px) 100vw, 911px\" \/><\/figure>\n<\/figure>\n<\/div><\/div>\n","protected":false},"excerpt":{"rendered":"<p>Probezeit: Freitags von 17:30 Uhr bis 19:30 Uhr (keine Probe in den Schulferien)Probeort: Vereinsheim des OVH Dein Kind spielt ein Instrument oder m\u00f6chte eins lernen? Dann ist unsere Jugendkapelle genau der richtige Ort. Hier wird gemeinsam geprobt, musiziert und gelacht \u2013 neue Gesichter sind bei uns immer willkommen. Die Proben finden im Vereinsheim statt und sind eine tolle\u2026 <span class=\"read-more\"><a href=\"https:\/\/www.orchesterverein-horrheim.de\/?page_id=227\">Weiterlesen &raquo;<\/a><\/span><\/p>\n","protected":false},"author":1,"featured_media":0,"parent":41,"menu_order":0,"comment_status":"closed","ping_status":"closed","template":"","meta":{"footnotes":""},"class_list":["post-227","page","type-page","status-publish","hentry"],"_links":{"self":[{"href":"https:\/\/www.orchesterverein-horrheim.de\/index.php?rest_route=\/wp\/v2\/pages\/227","targetHints":{"allow":["GET"]}}],"collection":[{"href":"https:\/\/www.orchesterverein-horrheim.de\/index.php?rest_route=\/wp\/v2\/pages"}],"about":[{"href":"https:\/\/www.orchesterverein-horrheim.de\/index.php?rest_route=\/wp\/v2\/types\/page"}],"author":[{"embeddable":true,"href":"https:\/\/www.orchesterverein-horrheim.de\/index.php?rest_route=\/wp\/v2\/users\/1"}],"replies":[{"embeddable":true,"href":"https:\/\/www.orchesterverein-horrheim.de\/index.php?rest_route=%2Fwp%2Fv2%2Fcomments&post=227"}],"version-history":[{"count":29,"href":"https:\/\/www.orchesterverein-horrheim.de\/index.php?rest_route=\/wp\/v2\/pages\/227\/revisions"}],"predecessor-version":[{"id":1464,"href":"https:\/\/www.orchesterverein-horrheim.de\/index.php?rest_route=\/wp\/v2\/pages\/227\/revisions\/1464"}],"up":[{"embeddable":true,"href":"https:\/\/www.orchesterverein-horrheim.de\/index.php?rest_route=\/wp\/v2\/pages\/41"}],"wp:attachment":[{"href":"https:\/\/www.orchesterverein-horrheim.de\/index.php?rest_route=%2Fwp%2Fv2%2Fmedia&parent=227"}],"curies":[{"name":"wp","href":"https:\/\/api.w.org\/{rel}","templated":true}]}}