{"id":41,"date":"2020-05-28T23:04:54","date_gmt":"2020-05-28T22:04:54","guid":{"rendered":"https:\/\/www.orchesterverein-horrheim.de\/wp\/?page_id=41"},"modified":"2025-05-20T21:59:30","modified_gmt":"2025-05-20T20:59:30","slug":"jugend","status":"publish","type":"page","link":"https:\/\/www.orchesterverein-horrheim.de\/?page_id=41","title":{"rendered":"Unsere Jugend"},"content":{"rendered":"\n<p>Ob Musik, kreative Projekte, coole Aktionen oder einfach nur Chillen mit Leuten, die genauso ticken wie du \u2013 bei uns erlebst du mehr als nur Jugendarbeit.<br>Mach mit, finde echte Freund*innen f\u00fcrs Leben und werde Teil einer starken Community, die zusammenh\u00e4lt.<br>Komm vorbei und \u00fcberzeug dich selbst \u2013 hier steckt mehr drin, als du denkst!<\/p>\n\n\n\n<div class=\"wp-block-buttons is-horizontal is-content-justification-left is-layout-flex wp-container-core-buttons-is-layout-7e5fce0a wp-block-buttons-is-layout-flex\" style=\"text-transform:capitalize\">\n<div class=\"wp-block-button is-style-outline is-style-outline--1\"><a class=\"wp-block-button__link has-very-dark-gray-color has-text-color has-background wp-element-button\" href=\"https:\/\/www.orchesterverein-horrheim.de\/?page_id=227\" style=\"background-color:#abb7c27d\">Jugendorchester<\/a><\/div>\n\n\n\n<div class=\"wp-block-button is-style-outline is-style-outline--2\"><a class=\"wp-block-button__link has-very-dark-gray-color has-text-color has-background wp-element-button\" href=\"https:\/\/www.orchesterverein-horrheim.de\/?page_id=225\" style=\"background-color:#abb7c27d\">Blockfl\u00f6ten<\/a><\/div>\n\n\n\n<div class=\"wp-block-button is-style-outline is-style-outline--3\"><a class=\"wp-block-button__link has-very-dark-gray-color has-text-color has-background wp-element-button\" href=\"https:\/\/www.orchesterverein-horrheim.de\/?page_id=226\" style=\"background-color:#abb7c27a\">Orchesterzwerge<\/a><\/div>\n<\/div>\n\n\n\n<p><\/p>\n\n\n\n<figure class=\"wp-block-image size-large\"><img fetchpriority=\"high\" decoding=\"async\" width=\"1024\" height=\"739\" src=\"https:\/\/www.orchesterverein-horrheim.de\/wp-content\/uploads\/2025\/05\/Jugend-4010-1024x739.jpg\" alt=\"Die Jugendkapelle vor dem Logo des Vereinsheims in roten T-Shirts\" class=\"wp-image-1269\" srcset=\"https:\/\/www.orchesterverein-horrheim.de\/wp-content\/uploads\/2025\/05\/Jugend-4010-1024x739.jpg 1024w, https:\/\/www.orchesterverein-horrheim.de\/wp-content\/uploads\/2025\/05\/Jugend-4010-300x217.jpg 300w, https:\/\/www.orchesterverein-horrheim.de\/wp-content\/uploads\/2025\/05\/Jugend-4010-768x555.jpg 768w, https:\/\/www.orchesterverein-horrheim.de\/wp-content\/uploads\/2025\/05\/Jugend-4010-1536x1109.jpg 1536w, https:\/\/www.orchesterverein-horrheim.de\/wp-content\/uploads\/2025\/05\/Jugend-4010-2048x1479.jpg 2048w, https:\/\/www.orchesterverein-horrheim.de\/wp-content\/uploads\/2025\/05\/Jugend-4010-60x42.jpg 60w, https:\/\/www.orchesterverein-horrheim.de\/wp-content\/uploads\/2025\/05\/Jugend-4010-665x480.jpg 665w\" sizes=\"(max-width: 1024px) 100vw, 1024px\" \/><\/figure>\n\n\n\n<p><\/p>\n","protected":false},"excerpt":{"rendered":"<p>Ob Musik, kreative Projekte, coole Aktionen oder einfach nur Chillen mit Leuten, die genauso ticken wie du \u2013 bei uns erlebst du mehr als nur Jugendarbeit.Mach mit, finde echte Freund*innen f\u00fcrs Leben und werde Teil einer starken Community, die zusammenh\u00e4lt.Komm vorbei und \u00fcberzeug dich selbst \u2013 hier steckt mehr drin, als du denkst!<\/p>\n","protected":false},"author":1,"featured_media":0,"parent":0,"menu_order":0,"comment_status":"closed","ping_status":"closed","template":"","meta":{"footnotes":""},"class_list":["post-41","page","type-page","status-publish","hentry"],"_links":{"self":[{"href":"https:\/\/www.orchesterverein-horrheim.de\/index.php?rest_route=\/wp\/v2\/pages\/41","targetHints":{"allow":["GET"]}}],"collection":[{"href":"https:\/\/www.orchesterverein-horrheim.de\/index.php?rest_route=\/wp\/v2\/pages"}],"about":[{"href":"https:\/\/www.orchesterverein-horrheim.de\/index.php?rest_route=\/wp\/v2\/types\/page"}],"author":[{"embeddable":true,"href":"https:\/\/www.orchesterverein-horrheim.de\/index.php?rest_route=\/wp\/v2\/users\/1"}],"replies":[{"embeddable":true,"href":"https:\/\/www.orchesterverein-horrheim.de\/index.php?rest_route=%2Fwp%2Fv2%2Fcomments&post=41"}],"version-history":[{"count":15,"href":"https:\/\/www.orchesterverein-horrheim.de\/index.php?rest_route=\/wp\/v2\/pages\/41\/revisions"}],"predecessor-version":[{"id":1432,"href":"https:\/\/www.orchesterverein-horrheim.de\/index.php?rest_route=\/wp\/v2\/pages\/41\/revisions\/1432"}],"wp:attachment":[{"href":"https:\/\/www.orchesterverein-horrheim.de\/index.php?rest_route=%2Fwp%2Fv2%2Fmedia&parent=41"}],"curies":[{"name":"wp","href":"https:\/\/api.w.org\/{rel}","templated":true}]}}