{"id":42,"date":"2020-05-28T23:04:54","date_gmt":"2020-05-28T22:04:54","guid":{"rendered":"https:\/\/www.orchesterverein-horrheim.de\/wp\/?page_id=42"},"modified":"2025-06-30T16:39:41","modified_gmt":"2025-06-30T15:39:41","slug":"blaeserklasse","status":"publish","type":"page","link":"https:\/\/www.orchesterverein-horrheim.de\/?page_id=42","title":{"rendered":"Bl\u00e4serklasse"},"content":{"rendered":"\n<p>Die Bl\u00e4serklasse ist eine Kooperation der Grundschulen aus <a href=\"https:\/\/ensinger-grundschule.de\/wp\/\" target=\"_blank\" rel=\"noreferrer noopener\">Ensingen<\/a> und <a href=\"https:\/\/www.horrheimer-grundschule.de\/\" target=\"_blank\" rel=\"noreferrer noopener\">Horrheim<\/a>, den Posaunench\u00f6ren aus Ensingen und Horrheim, sowie dem Musikverein Ensingen und dem Orchesterverein Horrheim. Sie ist ein auf zwei Jahre angelegter Instrumentalunterricht mit Orchester, der im Stundenplan der 3. und 4. Klassenstufen fest integriert ist.<\/p>\n\n\n\n<p><strong>Die Bl\u00e4serklasse ist&#8230;<\/strong><\/p>\n\n\n\n<ul class=\"wp-block-list\">\n<li>&#8230; f\u00fcr jede Sch\u00fclerin und jeden Sch\u00fcler die M\u00f6glichkeit, ein Blasinstrument zu erlernen<\/li>\n\n\n\n<li>&#8230; ein auf zwei Jahre angelegter Musizierkurs mit Blasinstrumenten<\/li>\n\n\n\n<li>&#8230; ein vollst\u00e4ndiges Blasorchester, das regelm\u00e4\u00dfig im Schulunterricht zusammen musiziert<\/li>\n\n\n\n<li>&#8230; eine Kombination aus Orchester- und Instrumentalunterricht<\/li>\n\n\n\n<li>&#8230; eine der sch\u00f6nsten M\u00f6glichkeiten, Musikunterricht zu gestalten<\/li>\n<\/ul>\n\n\n\n<figure class=\"wp-block-image size-full is-resized\"><img fetchpriority=\"high\" decoding=\"async\" width=\"356\" height=\"340\" src=\"https:\/\/www.orchesterverein-horrheim.de\/wp-content\/uploads\/2025\/06\/image-1.png\" alt=\"\" class=\"wp-image-1482\" style=\"width:165px;height:auto\" srcset=\"https:\/\/www.orchesterverein-horrheim.de\/wp-content\/uploads\/2025\/06\/image-1.png 356w, https:\/\/www.orchesterverein-horrheim.de\/wp-content\/uploads\/2025\/06\/image-1-300x287.png 300w\" sizes=\"(max-width: 356px) 100vw, 356px\" \/><\/figure>\n","protected":false},"excerpt":{"rendered":"<p>Die Bl\u00e4serklasse ist eine Kooperation der Grundschulen aus Ensingen und Horrheim, den Posaunench\u00f6ren aus Ensingen und Horrheim, sowie dem Musikverein Ensingen und dem Orchesterverein Horrheim. Sie ist ein auf zwei Jahre angelegter Instrumentalunterricht mit Orchester, der im Stundenplan der 3. und 4. Klassenstufen fest integriert ist. Die Bl\u00e4serklasse ist&#8230;<\/p>\n","protected":false},"author":1,"featured_media":0,"parent":0,"menu_order":0,"comment_status":"closed","ping_status":"closed","template":"","meta":{"footnotes":""},"class_list":["post-42","page","type-page","status-publish","hentry"],"_links":{"self":[{"href":"https:\/\/www.orchesterverein-horrheim.de\/index.php?rest_route=\/wp\/v2\/pages\/42","targetHints":{"allow":["GET"]}}],"collection":[{"href":"https:\/\/www.orchesterverein-horrheim.de\/index.php?rest_route=\/wp\/v2\/pages"}],"about":[{"href":"https:\/\/www.orchesterverein-horrheim.de\/index.php?rest_route=\/wp\/v2\/types\/page"}],"author":[{"embeddable":true,"href":"https:\/\/www.orchesterverein-horrheim.de\/index.php?rest_route=\/wp\/v2\/users\/1"}],"replies":[{"embeddable":true,"href":"https:\/\/www.orchesterverein-horrheim.de\/index.php?rest_route=%2Fwp%2Fv2%2Fcomments&post=42"}],"version-history":[{"count":12,"href":"https:\/\/www.orchesterverein-horrheim.de\/index.php?rest_route=\/wp\/v2\/pages\/42\/revisions"}],"predecessor-version":[{"id":1483,"href":"https:\/\/www.orchesterverein-horrheim.de\/index.php?rest_route=\/wp\/v2\/pages\/42\/revisions\/1483"}],"wp:attachment":[{"href":"https:\/\/www.orchesterverein-horrheim.de\/index.php?rest_route=%2Fwp%2Fv2%2Fmedia&parent=42"}],"curies":[{"name":"wp","href":"https:\/\/api.w.org\/{rel}","templated":true}]}}